{"id":18924,"date":"2011-04-16T10:10:18","date_gmt":"2011-04-16T10:10:18","guid":{"rendered":"http:\/\/apub.org.br\/?page_id=14"},"modified":"2018-08-30T16:49:08","modified_gmt":"2018-08-30T16:49:08","slug":"consulta-processual","status":"publish","type":"page","link":"https:\/\/apub.org.br\/siteantigo\/a-apub-2\/juridico\/consulta-processual\/","title":{"rendered":"CONSULTA PROCESSUAL"},"content":{"rendered":"<p style=\"text-align: left;\"><strong>Como proceder \u00e0 consulta processual passo-a-passo:<\/strong><\/p>\n<p style=\"text-align: left;\">&#8211; Clique no banner da \u201cConsulta Processual\u201d (abaixo), voc\u00ea ser\u00e1 dirigido automaticamente ao portal do Tribunal Regional Federal da 1\u00aa Regi\u00e3o (<a href=\"http:\/\/www.trf1.jus.br\/\" target=\"_blank\">www.trf1.jus.br<\/a>)<\/p>\n<p style=\"text-align: left;\">&#8211; Siga as instru\u00e7\u00f5es na tela com aten\u00e7\u00e3o:<\/p>\n<p style=\"text-align: left;\">1. Se j\u00e1 possuir o n\u00famero do processo, (vide rela\u00e7\u00e3o abaixo) digite o n\u00famero no campo. Atente para o n\u00famero de d\u00edgitos: 10, 15 ou 20 d\u00edgitos, de acordo com o ano do processo;<\/p>\n<p style=\"text-align: left;\">2. Caso n\u00e3o possua o n\u00famero do processo, tenta fazer a consulta por nome. Atente para as orienta\u00e7\u00f5es sobre a pesquisa ser gramatical, e n\u00e3o fon\u00e9tica. Tente seu nome completo, depois s\u00f3 o prenome e o \u00faltimo sobrenome, atente para a grafia correta;<\/p>\n<p style=\"text-align: left;\">3. Finalmente, tente a consulta por CPF. O seu uso s\u00f3 se tornou obrigat\u00f3rio nos processos nos \u00faltimos quatro anos, por isso \u00e9 mais dif\u00edcil obter resultado positivo.<\/p>\n<p style=\"text-align: left;\">&#8211; N\u00e3o achou o seu processo?<br \/>\nN\u00e3o se desespere! Quase todas as a\u00e7\u00f5es foram propostas em blocos com cinco, dez ou quinze professores, \u00e0s vezes s\u00f3 o nome do \u201ccabe\u00e7a\u201d do grupo est\u00e1 registrado no sistema, ou seu nome pode ter sido grafado de forma errada na inicial. Entre em contato com nossa assessoria jur\u00eddica pelo\u00a0<a href=\"mailto:assessoriajuridica@apub.org.br\" target=\"_blank\">assessoriajuridica@apub.org.br<\/a> ou em um dos nossos plant\u00f5es semanais e vamos tentar solucionar o problema.<\/p>\n<p style=\"text-align: left;\"><img decoding=\"async\" class=\"size-full wp-image-19318 aligncenter\" src=\"http:\/\/www.apub.org.br\/wp-content\/uploads\/2011\/04\/banner_pje.png\" alt=\"banner_pje\" width=\"208\" height=\"162\" \/><\/p>\n<table class=\"aligncenter\" style=\"text-align: center;\" border=\"1\" width=\"567\" cellspacing=\"0\" cellpadding=\"0\">\n<tbody>\n<tr>\n<td width=\"236\"><strong>N\u00ba DO PROCESSO<\/strong><\/td>\n<td width=\"331\"><strong>DESCRI\u00c7\u00c3O<\/strong><\/td>\n<\/tr>\n<tr>\n<td width=\"236\"><strong>1999.33.00.016515-4<\/strong><\/td>\n<td width=\"331\"><strong>(3,17%)<\/strong><\/p>\n<p>ANDES\/APUB X UNI\u00c3O \u2013 UFBA<\/td>\n<\/tr>\n<tr>\n<td width=\"236\"><strong>2001.33.00.013982-5<\/strong><\/td>\n<td width=\"331\"><strong>(QUINTOS)<\/strong><\/p>\n<p>ANDES\/APUB X UNI\u00c3O \u2013 UFBA<\/td>\n<\/tr>\n<tr>\n<td width=\"236\"><strong>2007.33.00.011983-7<\/strong><\/td>\n<td width=\"331\"><strong>(PROGRESS\u00c3O APOSENTADOS &#8211; ART. 192)<\/strong><\/p>\n<p>ANDES\/APUB X UNI\u00c3O \u2013 UFBA<\/td>\n<\/tr>\n<tr>\n<td width=\"236\"><strong>2009.33.00.001899-8<\/strong><\/td>\n<td width=\"331\"><strong>(AUX\u00cdLIO TRANSPORTE)<\/strong><\/p>\n<p>ANDES\/APUB X REITOR DA UFRB<\/td>\n<\/tr>\n<tr>\n<td width=\"236\"><strong>5479-90.2006.4.01.3300<\/strong><\/td>\n<td width=\"331\"><strong>(MANDADO DE SEGURAN\u00c7A CONTRA INTERVEN\u00c7\u00c3O)<\/strong><\/p>\n<p>APUB X ANS<\/td>\n<\/tr>\n<tr>\n<td width=\"236\"><strong>0016555-38.2011.4.01.3300<\/strong><\/td>\n<td width=\"331\"><strong>(PROGRESS\u00c3O EBTT)<\/strong><\/p>\n<p>APUB SINDICATO X IFBA, UNI\u00c3O<\/td>\n<\/tr>\n<tr>\n<td width=\"236\"><strong>0016553-68.2011.4.01.3300<\/strong><\/td>\n<td width=\"331\"><strong>(PROGRESS\u00c3O ADJUNTO-IV, UFBA E IFBA)<\/strong><\/p>\n<p>APUB SINDICATO X UFBA, UNI\u00c3O<\/td>\n<\/tr>\n<tr>\n<td width=\"236\"><strong>0029382-81.2011.4.01.3300<\/strong><\/td>\n<td width=\"331\"><strong>(VPNI)<\/strong><\/p>\n<p>APUB SINDICATO X UFBA, UNI\u00c3O<\/td>\n<\/tr>\n<\/tbody>\n<\/table>\n","protected":false},"excerpt":{"rendered":"<p>Como proceder \u00e0 consulta processual passo-a-passo: &#8211; Clique no banner da \u201cConsulta Processual\u201d (abaixo), voc\u00ea ser\u00e1 dirigido automaticamente ao portal do Tribunal Regional Federal da 1\u00aa Regi\u00e3o (www.trf1.jus.br) &#8211; Siga as instru\u00e7\u00f5es na tela com aten\u00e7\u00e3o: 1. Se j\u00e1 possuir o n\u00famero do processo, (vide rela\u00e7\u00e3o abaixo) digite o n\u00famero no campo. Atente para o [&hellip;]<\/p>\n","protected":false},"author":1,"featured_media":0,"parent":18923,"menu_order":0,"comment_status":"closed","ping_status":"closed","template":"","meta":{"footnotes":""},"class_list":["post-18924","page","type-page","status-publish","hentry"],"_links":{"self":[{"href":"https:\/\/apub.org.br\/siteantigo\/wp-json\/wp\/v2\/pages\/18924","targetHints":{"allow":["GET"]}}],"collection":[{"href":"https:\/\/apub.org.br\/siteantigo\/wp-json\/wp\/v2\/pages"}],"about":[{"href":"https:\/\/apub.org.br\/siteantigo\/wp-json\/wp\/v2\/types\/page"}],"author":[{"embeddable":true,"href":"https:\/\/apub.org.br\/siteantigo\/wp-json\/wp\/v2\/users\/1"}],"replies":[{"embeddable":true,"href":"https:\/\/apub.org.br\/siteantigo\/wp-json\/wp\/v2\/comments?post=18924"}],"version-history":[{"count":0,"href":"https:\/\/apub.org.br\/siteantigo\/wp-json\/wp\/v2\/pages\/18924\/revisions"}],"up":[{"embeddable":true,"href":"https:\/\/apub.org.br\/siteantigo\/wp-json\/wp\/v2\/pages\/18923"}],"wp:attachment":[{"href":"https:\/\/apub.org.br\/siteantigo\/wp-json\/wp\/v2\/media?parent=18924"}],"curies":[{"name":"wp","href":"https:\/\/api.w.org\/{rel}","templated":true}]}}