{"id":33178,"date":"2021-03-10T16:55:18","date_gmt":"2021-03-10T16:55:18","guid":{"rendered":"http:\/\/apub.org.br\/?page_id=33178"},"modified":"2023-01-26T13:15:36","modified_gmt":"2023-01-26T16:15:36","slug":"contatos","status":"publish","type":"page","link":"https:\/\/apub.org.br\/siteantigo\/contatos\/","title":{"rendered":"CONTATOS"},"content":{"rendered":"\t\t<div data-elementor-type=\"wp-post\" data-elementor-id=\"33178\" class=\"elementor elementor-33178\" data-elementor-post-type=\"page\">\n\t\t\t\t\t\t<section class=\"elementor-section elementor-top-section elementor-element elementor-element-3406d04 elementor-section-boxed elementor-section-height-default elementor-section-height-default\" data-id=\"3406d04\" data-element_type=\"section\">\n\t\t\t\t\t\t<div class=\"elementor-container elementor-column-gap-default\">\n\t\t\t\t\t<div class=\"elementor-column elementor-col-100 elementor-top-column elementor-element elementor-element-1949953\" data-id=\"1949953\" data-element_type=\"column\">\n\t\t\t<div class=\"elementor-widget-wrap elementor-element-populated\">\n\t\t\t\t\t\t<div class=\"elementor-element elementor-element-930c935 elementor-view-default elementor-position-top elementor-mobile-position-top elementor-widget elementor-widget-icon-box\" data-id=\"930c935\" data-element_type=\"widget\" data-widget_type=\"icon-box.default\">\n\t\t\t\t<div class=\"elementor-widget-container\">\n\t\t\t\t\t\t\t<div class=\"elementor-icon-box-wrapper\">\n\n\t\t\t\t\t\t<div class=\"elementor-icon-box-icon\">\n\t\t\t\t<span  class=\"elementor-icon\">\n\t\t\t\t<i aria-hidden=\"true\" class=\"far fa-comments\"><\/i>\t\t\t\t<\/span>\n\t\t\t<\/div>\n\t\t\t\n\t\t\t\t\t\t<div class=\"elementor-icon-box-content\">\n\n\t\t\t\t\t\t\t\t\t<h3 class=\"elementor-icon-box-title\">\n\t\t\t\t\t\t<span  >\n\t\t\t\t\t\t\tFALE CONOSCO\t\t\t\t\t\t<\/span>\n\t\t\t\t\t<\/h3>\n\t\t\t\t\n\t\t\t\t\n\t\t\t<\/div>\n\t\t\t\n\t\t<\/div>\n\t\t\t\t\t\t<\/div>\n\t\t\t\t<\/div>\n\t\t\t\t\t<\/div>\n\t\t<\/div>\n\t\t\t\t\t<\/div>\n\t\t<\/section>\n\t\t\t\t<section class=\"elementor-section elementor-top-section elementor-element elementor-element-a2e30e4 elementor-section-boxed elementor-section-height-default elementor-section-height-default\" data-id=\"a2e30e4\" data-element_type=\"section\">\n\t\t\t\t\t\t<div class=\"elementor-container elementor-column-gap-default\">\n\t\t\t\t\t<div class=\"elementor-column elementor-col-100 elementor-top-column elementor-element elementor-element-39a76e6\" data-id=\"39a76e6\" data-element_type=\"column\">\n\t\t\t<div class=\"elementor-widget-wrap elementor-element-populated\">\n\t\t\t\t\t\t<div class=\"elementor-element elementor-element-22447d2 elementor-widget elementor-widget-text-editor\" data-id=\"22447d2\" data-element_type=\"widget\" data-widget_type=\"text-editor.default\">\n\t\t\t\t<div class=\"elementor-widget-container\">\n\t\t\t\t\t\t\t\t\t<p><strong>Recep\u00e7\u00e3o<\/strong> <br \/>apub@apub.org.br <br \/>(71) 99353-0053<\/p><p><strong>Secretaria<\/strong> <br \/>secretaria@apub.org.br <br \/>(71) 98231-7194<\/p><p><strong>Assessoria Jur\u00eddica<\/strong> <br \/>assessoriajuridica@apub.org.br<br \/><span style=\"font-size: 20px;\">(71) 99654-5276<\/span><\/p><p><strong>Assessoria de Comunica\u00e7\u00e3o<\/strong> <br \/>ascom@apub.org.br<br \/>(71) 99157-0037\u00a0<\/p>\t\t\t\t\t\t\t\t<\/div>\n\t\t\t\t<\/div>\n\t\t\t\t\t<\/div>\n\t\t<\/div>\n\t\t\t\t\t<\/div>\n\t\t<\/section>\n\t\t\t\t<\/div>\n\t\t","protected":false},"excerpt":{"rendered":"<p>FALE CONOSCO Recep\u00e7\u00e3o apub@apub.org.br (71) 99353-0053 Secretaria secretaria@apub.org.br (71) 98231-7194 Assessoria Jur\u00eddica assessoriajuridica@apub.org.br(71) 99654-5276 Assessoria de Comunica\u00e7\u00e3o ascom@apub.org.br(71) 99157-0037\u00a0<\/p>\n","protected":false},"author":3,"featured_media":0,"parent":0,"menu_order":0,"comment_status":"closed","ping_status":"closed","template":"elementor_header_footer","meta":{"footnotes":""},"class_list":["post-33178","page","type-page","status-publish","hentry"],"_links":{"self":[{"href":"https:\/\/apub.org.br\/siteantigo\/wp-json\/wp\/v2\/pages\/33178","targetHints":{"allow":["GET"]}}],"collection":[{"href":"https:\/\/apub.org.br\/siteantigo\/wp-json\/wp\/v2\/pages"}],"about":[{"href":"https:\/\/apub.org.br\/siteantigo\/wp-json\/wp\/v2\/types\/page"}],"author":[{"embeddable":true,"href":"https:\/\/apub.org.br\/siteantigo\/wp-json\/wp\/v2\/users\/3"}],"replies":[{"embeddable":true,"href":"https:\/\/apub.org.br\/siteantigo\/wp-json\/wp\/v2\/comments?post=33178"}],"version-history":[{"count":6,"href":"https:\/\/apub.org.br\/siteantigo\/wp-json\/wp\/v2\/pages\/33178\/revisions"}],"predecessor-version":[{"id":42108,"href":"https:\/\/apub.org.br\/siteantigo\/wp-json\/wp\/v2\/pages\/33178\/revisions\/42108"}],"wp:attachment":[{"href":"https:\/\/apub.org.br\/siteantigo\/wp-json\/wp\/v2\/media?parent=33178"}],"curies":[{"name":"wp","href":"https:\/\/api.w.org\/{rel}","templated":true}]}}