{"id":48266,"date":"2024-05-03T14:31:13","date_gmt":"2024-05-03T17:31:13","guid":{"rendered":"https:\/\/apub.org.br\/?page_id=48266"},"modified":"2024-05-03T14:55:44","modified_gmt":"2024-05-03T17:55:44","slug":"imprensa","status":"publish","type":"page","link":"https:\/\/apub.org.br\/siteantigo\/imprensa\/","title":{"rendered":"IMPRENSA"},"content":{"rendered":"\t\t<div data-elementor-type=\"wp-page\" data-elementor-id=\"48266\" class=\"elementor elementor-48266\" data-elementor-post-type=\"page\">\n\t\t\t\t\t\t<section class=\"elementor-section elementor-top-section elementor-element elementor-element-56933fc elementor-section-boxed elementor-section-height-default elementor-section-height-default\" data-id=\"56933fc\" data-element_type=\"section\">\n\t\t\t\t\t\t<div class=\"elementor-container elementor-column-gap-default\">\n\t\t\t\t\t<div class=\"elementor-column elementor-col-100 elementor-top-column elementor-element elementor-element-d013364\" data-id=\"d013364\" data-element_type=\"column\">\n\t\t\t<div class=\"elementor-widget-wrap elementor-element-populated\">\n\t\t\t\t\t\t<div class=\"elementor-element elementor-element-c77231b elementor-widget elementor-widget-image\" data-id=\"c77231b\" data-element_type=\"widget\" data-widget_type=\"image.default\">\n\t\t\t\t<div class=\"elementor-widget-container\">\n\t\t\t\t\t\t\t\t\t\t\t\t\t\t\t<img fetchpriority=\"high\" decoding=\"async\" width=\"800\" height=\"121\" src=\"https:\/\/apub.org.br\/siteantigo\/wp-content\/uploads\/2024\/05\/IMAGEM-IMPRENSA-PARA-BANNER-DO-SITE-1024x155.png\" class=\"attachment-large size-large wp-image-48265\" alt=\"\" srcset=\"https:\/\/apub.org.br\/siteantigo\/wp-content\/uploads\/2024\/05\/IMAGEM-IMPRENSA-PARA-BANNER-DO-SITE-1024x155.png 1024w, https:\/\/apub.org.br\/siteantigo\/wp-content\/uploads\/2024\/05\/IMAGEM-IMPRENSA-PARA-BANNER-DO-SITE-300x45.png 300w, https:\/\/apub.org.br\/siteantigo\/wp-content\/uploads\/2024\/05\/IMAGEM-IMPRENSA-PARA-BANNER-DO-SITE-768x116.png 768w, https:\/\/apub.org.br\/siteantigo\/wp-content\/uploads\/2024\/05\/IMAGEM-IMPRENSA-PARA-BANNER-DO-SITE.png 1123w\" sizes=\"(max-width: 800px) 100vw, 800px\" \/>\t\t\t\t\t\t\t\t\t\t\t\t\t\t\t<\/div>\n\t\t\t\t<\/div>\n\t\t\t\t\t<\/div>\n\t\t<\/div>\n\t\t\t\t\t<\/div>\n\t\t<\/section>\n\t\t\t\t<section class=\"elementor-section elementor-top-section elementor-element elementor-element-b153e91 elementor-section-boxed elementor-section-height-default elementor-section-height-default\" data-id=\"b153e91\" data-element_type=\"section\">\n\t\t\t\t\t\t<div class=\"elementor-container elementor-column-gap-default\">\n\t\t\t\t\t<div class=\"elementor-column elementor-col-100 elementor-top-column elementor-element elementor-element-aa0d8a0\" data-id=\"aa0d8a0\" data-element_type=\"column\">\n\t\t\t<div class=\"elementor-widget-wrap elementor-element-populated\">\n\t\t\t\t\t\t<div class=\"elementor-element elementor-element-00df345 elementor-widget elementor-widget-heading\" data-id=\"00df345\" data-element_type=\"widget\" data-widget_type=\"heading.default\">\n\t\t\t\t<div class=\"elementor-widget-container\">\n\t\t\t\t\t<h2 class=\"elementor-heading-title elementor-size-default\">Releases para imprensa<\/h2>\t\t\t\t<\/div>\n\t\t\t\t<\/div>\n\t\t\t\t\t<\/div>\n\t\t<\/div>\n\t\t\t\t\t<\/div>\n\t\t<\/section>\n\t\t\t\t<section class=\"elementor-section elementor-top-section elementor-element elementor-element-22284f4 elementor-section-boxed elementor-section-height-default elementor-section-height-default\" data-id=\"22284f4\" data-element_type=\"section\">\n\t\t\t\t\t\t<div class=\"elementor-container elementor-column-gap-default\">\n\t\t\t\t\t<div class=\"elementor-column elementor-col-100 elementor-top-column elementor-element elementor-element-5bab10f\" data-id=\"5bab10f\" data-element_type=\"column\">\n\t\t\t<div class=\"elementor-widget-wrap elementor-element-populated\">\n\t\t\t\t\t\t<div class=\"elementor-element elementor-element-bfd0bf0 elementor-widget-divider--view-line elementor-widget elementor-widget-divider\" data-id=\"bfd0bf0\" data-element_type=\"widget\" data-widget_type=\"divider.default\">\n\t\t\t\t<div class=\"elementor-widget-container\">\n\t\t\t\t\t\t\t<div class=\"elementor-divider\">\n\t\t\t<span class=\"elementor-divider-separator\">\n\t\t\t\t\t\t<\/span>\n\t\t<\/div>\n\t\t\t\t\t\t<\/div>\n\t\t\t\t<\/div>\n\t\t\t\t\t<\/div>\n\t\t<\/div>\n\t\t\t\t\t<\/div>\n\t\t<\/section>\n\t\t\t\t<section class=\"elementor-section elementor-top-section elementor-element elementor-element-2fc900c elementor-section-boxed elementor-section-height-default elementor-section-height-default\" data-id=\"2fc900c\" data-element_type=\"section\">\n\t\t\t\t\t\t<div class=\"elementor-container elementor-column-gap-default\">\n\t\t\t\t\t<div class=\"elementor-column elementor-col-100 elementor-top-column elementor-element elementor-element-442a99a\" data-id=\"442a99a\" data-element_type=\"column\">\n\t\t\t<div class=\"elementor-widget-wrap elementor-element-populated\">\n\t\t\t\t\t\t<div class=\"elementor-element elementor-element-dc4a363 elementor-grid-3 elementor-grid-tablet-2 elementor-grid-mobile-1 elementor-posts--thumbnail-top elementor-widget elementor-widget-posts\" data-id=\"dc4a363\" data-element_type=\"widget\" data-settings=\"{&quot;classic_columns&quot;:&quot;3&quot;,&quot;classic_columns_tablet&quot;:&quot;2&quot;,&quot;classic_columns_mobile&quot;:&quot;1&quot;,&quot;classic_row_gap&quot;:{&quot;unit&quot;:&quot;px&quot;,&quot;size&quot;:35,&quot;sizes&quot;:[]},&quot;classic_row_gap_tablet&quot;:{&quot;unit&quot;:&quot;px&quot;,&quot;size&quot;:&quot;&quot;,&quot;sizes&quot;:[]},&quot;classic_row_gap_mobile&quot;:{&quot;unit&quot;:&quot;px&quot;,&quot;size&quot;:&quot;&quot;,&quot;sizes&quot;:[]}}\" data-widget_type=\"posts.classic\">\n\t\t\t\t<div class=\"elementor-widget-container\">\n\t\t\t\t\t\t\t<div class=\"elementor-posts-container elementor-posts elementor-posts--skin-classic elementor-grid\" role=\"list\">\n\t\t\t\t<article class=\"elementor-post elementor-grid-item post-53361 post type-post status-publish format-standard has-post-thumbnail hentry category-latest-news\" role=\"listitem\">\n\t\t\t\t<a class=\"elementor-post__thumbnail__link\" href=\"https:\/\/apub.org.br\/siteantigo\/8-de-marco-2026-confira-galeria-de-fotos\/\" tabindex=\"-1\" >\n\t\t\t<div class=\"elementor-post__thumbnail\"><img decoding=\"async\" width=\"300\" height=\"225\" src=\"https:\/\/apub.org.br\/siteantigo\/wp-content\/uploads\/2026\/03\/92F83B4B-66AE-4330-B0B4-62E1C8C9702D-Medio.jpg\" class=\"attachment-medium size-medium wp-image-53367\" alt=\"\" \/><\/div>\n\t\t<\/a>\n\t\t\t\t<div class=\"elementor-post__text\">\n\t\t\t\t<h3 class=\"elementor-post__title\">\n\t\t\t<a href=\"https:\/\/apub.org.br\/siteantigo\/8-de-marco-2026-confira-galeria-de-fotos\/\" >\n\t\t\t\t8 de mar\u00e7o 2026: confira galeria de fotos\t\t\t<\/a>\n\t\t<\/h3>\n\t\t\t\t<div class=\"elementor-post__meta-data\">\n\t\t\t\t\t<span class=\"elementor-post-date\">\n\t\t\t09\/03\/2026\t\t<\/span>\n\t\t\t\t<span class=\"elementor-post-avatar\">\n\t\t\tNenhum coment\u00e1rio\t\t<\/span>\n\t\t\t\t<\/div>\n\t\t\t\t<div class=\"elementor-post__excerpt\">\n\t\t\t<p>Diretoria e professoras e professores filiados a APUB Sindicato juntaram-se a centenas de mulheres que, nas ruas de Salvador, marcharam pelos direitos das mulheres e<\/p>\n\t\t<\/div>\n\t\t\n\t\t<a class=\"elementor-post__read-more\" href=\"https:\/\/apub.org.br\/siteantigo\/8-de-marco-2026-confira-galeria-de-fotos\/\" aria-label=\"Read more about 8 de mar\u00e7o 2026: confira galeria de fotos\" tabindex=\"-1\" >\n\t\t\tLeia mais \u00bb\t\t<\/a>\n\n\t\t\t\t<\/div>\n\t\t\t\t<\/article>\n\t\t\t\t<article class=\"elementor-post elementor-grid-item post-53180 post type-post status-publish format-standard has-post-thumbnail hentry category-latest-news\" role=\"listitem\">\n\t\t\t\t<a class=\"elementor-post__thumbnail__link\" href=\"https:\/\/apub.org.br\/siteantigo\/apub-participa-de-seminario-nacional-contra-a-reforma-administrativa-em-brasilia\/\" tabindex=\"-1\" >\n\t\t\t<div class=\"elementor-post__thumbnail\"><img decoding=\"async\" width=\"300\" height=\"300\" src=\"https:\/\/apub.org.br\/siteantigo\/wp-content\/uploads\/2025\/07\/seminario-reforma-administrativa-300x300.png\" class=\"attachment-medium size-medium wp-image-53251\" alt=\"\" srcset=\"https:\/\/apub.org.br\/siteantigo\/wp-content\/uploads\/2025\/07\/seminario-reforma-administrativa-300x300.png 300w, https:\/\/apub.org.br\/siteantigo\/wp-content\/uploads\/2025\/07\/seminario-reforma-administrativa-1024x1024.png 1024w, https:\/\/apub.org.br\/siteantigo\/wp-content\/uploads\/2025\/07\/seminario-reforma-administrativa-150x150.png 150w, https:\/\/apub.org.br\/siteantigo\/wp-content\/uploads\/2025\/07\/seminario-reforma-administrativa-768x768.png 768w, https:\/\/apub.org.br\/siteantigo\/wp-content\/uploads\/2025\/07\/seminario-reforma-administrativa.png 1080w\" sizes=\"(max-width: 300px) 100vw, 300px\" \/><\/div>\n\t\t<\/a>\n\t\t\t\t<div class=\"elementor-post__text\">\n\t\t\t\t<h3 class=\"elementor-post__title\">\n\t\t\t<a href=\"https:\/\/apub.org.br\/siteantigo\/apub-participa-de-seminario-nacional-contra-a-reforma-administrativa-em-brasilia\/\" >\n\t\t\t\tAPUB participa de semin\u00e1rio nacional contra a Reforma Administrativa em Bras\u00edlia\t\t\t<\/a>\n\t\t<\/h3>\n\t\t\t\t<div class=\"elementor-post__meta-data\">\n\t\t\t\t\t<span class=\"elementor-post-date\">\n\t\t\t08\/07\/2025\t\t<\/span>\n\t\t\t\t<span class=\"elementor-post-avatar\">\n\t\t\tNenhum coment\u00e1rio\t\t<\/span>\n\t\t\t\t<\/div>\n\t\t\t\t<div class=\"elementor-post__excerpt\">\n\t\t\t<p>A APUB Sindicato marcou presen\u00e7a, nesta ter\u00e7a-feira (08\/07), no Semin\u00e1rio Nacional contra a Reforma Administrativa, realizado em Bras\u00edlia e promovido pela Frente Parlamentar Mista do<\/p>\n\t\t<\/div>\n\t\t\n\t\t<a class=\"elementor-post__read-more\" href=\"https:\/\/apub.org.br\/siteantigo\/apub-participa-de-seminario-nacional-contra-a-reforma-administrativa-em-brasilia\/\" aria-label=\"Read more about APUB participa de semin\u00e1rio nacional contra a Reforma Administrativa em Bras\u00edlia\" tabindex=\"-1\" >\n\t\t\tLeia mais \u00bb\t\t<\/a>\n\n\t\t\t\t<\/div>\n\t\t\t\t<\/article>\n\t\t\t\t<article class=\"elementor-post elementor-grid-item post-53171 post type-post status-publish format-standard has-post-thumbnail hentry category-latest-news\" role=\"listitem\">\n\t\t\t\t<a class=\"elementor-post__thumbnail__link\" href=\"https:\/\/apub.org.br\/siteantigo\/assembleia-geral-elege-maior-delegacao-da-historia-da-apub-para-a-13a-plencut\/\" tabindex=\"-1\" >\n\t\t\t<div class=\"elementor-post__thumbnail\"><img loading=\"lazy\" decoding=\"async\" width=\"300\" height=\"300\" src=\"https:\/\/apub.org.br\/siteantigo\/wp-content\/uploads\/2025\/07\/assembleia-geral-delegacao-1-300x300.png\" class=\"attachment-medium size-medium wp-image-53250\" alt=\"\" srcset=\"https:\/\/apub.org.br\/siteantigo\/wp-content\/uploads\/2025\/07\/assembleia-geral-delegacao-1-300x300.png 300w, https:\/\/apub.org.br\/siteantigo\/wp-content\/uploads\/2025\/07\/assembleia-geral-delegacao-1-1024x1024.png 1024w, https:\/\/apub.org.br\/siteantigo\/wp-content\/uploads\/2025\/07\/assembleia-geral-delegacao-1-150x150.png 150w, https:\/\/apub.org.br\/siteantigo\/wp-content\/uploads\/2025\/07\/assembleia-geral-delegacao-1-768x768.png 768w, https:\/\/apub.org.br\/siteantigo\/wp-content\/uploads\/2025\/07\/assembleia-geral-delegacao-1.png 1080w\" sizes=\"(max-width: 300px) 100vw, 300px\" \/><\/div>\n\t\t<\/a>\n\t\t\t\t<div class=\"elementor-post__text\">\n\t\t\t\t<h3 class=\"elementor-post__title\">\n\t\t\t<a href=\"https:\/\/apub.org.br\/siteantigo\/assembleia-geral-elege-maior-delegacao-da-historia-da-apub-para-a-13a-plencut\/\" >\n\t\t\t\tAssembleia Geral elege maior delega\u00e7\u00e3o da hist\u00f3ria da APUB para a 13\u00aa PLENCUT\t\t\t<\/a>\n\t\t<\/h3>\n\t\t\t\t<div class=\"elementor-post__meta-data\">\n\t\t\t\t\t<span class=\"elementor-post-date\">\n\t\t\t08\/07\/2025\t\t<\/span>\n\t\t\t\t<span class=\"elementor-post-avatar\">\n\t\t\tNenhum coment\u00e1rio\t\t<\/span>\n\t\t\t\t<\/div>\n\t\t\t\t<div class=\"elementor-post__excerpt\">\n\t\t\t<p>Nove delegados titulares e tr\u00eas suplentes foram escolhidos para representar o sindicato na Plen\u00e1ria da CUT Bahia A APUB Sindicato realizou, na tarde desta segunda-feira<\/p>\n\t\t<\/div>\n\t\t\n\t\t<a class=\"elementor-post__read-more\" href=\"https:\/\/apub.org.br\/siteantigo\/assembleia-geral-elege-maior-delegacao-da-historia-da-apub-para-a-13a-plencut\/\" aria-label=\"Read more about Assembleia Geral elege maior delega\u00e7\u00e3o da hist\u00f3ria da APUB para a 13\u00aa PLENCUT\" tabindex=\"-1\" >\n\t\t\tLeia mais \u00bb\t\t<\/a>\n\n\t\t\t\t<\/div>\n\t\t\t\t<\/article>\n\t\t\t\t<article class=\"elementor-post elementor-grid-item post-53071 post type-post status-publish format-standard has-post-thumbnail hentry category-latest-news\" role=\"listitem\">\n\t\t\t\t<a class=\"elementor-post__thumbnail__link\" href=\"https:\/\/apub.org.br\/siteantigo\/nota-da-apub-sobre-o-processo-da-profa-nathalia-wicpolt\/\" tabindex=\"-1\" >\n\t\t\t<div class=\"elementor-post__thumbnail\"><img loading=\"lazy\" decoding=\"async\" width=\"300\" height=\"300\" src=\"https:\/\/apub.org.br\/siteantigo\/wp-content\/uploads\/2025\/07\/sobre-processo-300x300.jpg\" class=\"attachment-medium size-medium wp-image-53257\" alt=\"\" srcset=\"https:\/\/apub.org.br\/siteantigo\/wp-content\/uploads\/2025\/07\/sobre-processo-300x300.jpg 300w, https:\/\/apub.org.br\/siteantigo\/wp-content\/uploads\/2025\/07\/sobre-processo-1024x1024.jpg 1024w, https:\/\/apub.org.br\/siteantigo\/wp-content\/uploads\/2025\/07\/sobre-processo-150x150.jpg 150w, https:\/\/apub.org.br\/siteantigo\/wp-content\/uploads\/2025\/07\/sobre-processo-768x768.jpg 768w, https:\/\/apub.org.br\/siteantigo\/wp-content\/uploads\/2025\/07\/sobre-processo.jpg 1400w\" sizes=\"(max-width: 300px) 100vw, 300px\" \/><\/div>\n\t\t<\/a>\n\t\t\t\t<div class=\"elementor-post__text\">\n\t\t\t\t<h3 class=\"elementor-post__title\">\n\t\t\t<a href=\"https:\/\/apub.org.br\/siteantigo\/nota-da-apub-sobre-o-processo-da-profa-nathalia-wicpolt\/\" >\n\t\t\t\tNota da APUB: Sobre o processo da Profa. Nathalia Wicpolt\t\t\t<\/a>\n\t\t<\/h3>\n\t\t\t\t<div class=\"elementor-post__meta-data\">\n\t\t\t\t\t<span class=\"elementor-post-date\">\n\t\t\t06\/07\/2025\t\t<\/span>\n\t\t\t\t<span class=\"elementor-post-avatar\">\n\t\t\tNenhum coment\u00e1rio\t\t<\/span>\n\t\t\t\t<\/div>\n\t\t\t\t<div class=\"elementor-post__excerpt\">\n\t\t\t<p>A APUB comunica aos seus filiados e filiadas e \u00e0 comunidade UFBA que a Profa. Nathalia Wicpolt recebeu assist\u00eancia do sindicato em 09 de junho,<\/p>\n\t\t<\/div>\n\t\t\n\t\t<a class=\"elementor-post__read-more\" href=\"https:\/\/apub.org.br\/siteantigo\/nota-da-apub-sobre-o-processo-da-profa-nathalia-wicpolt\/\" aria-label=\"Read more about Nota da APUB: Sobre o processo da Profa. Nathalia Wicpolt\" tabindex=\"-1\" >\n\t\t\tLeia mais \u00bb\t\t<\/a>\n\n\t\t\t\t<\/div>\n\t\t\t\t<\/article>\n\t\t\t\t<article class=\"elementor-post elementor-grid-item post-53051 post type-post status-publish format-standard has-post-thumbnail hentry category-artigos\" role=\"listitem\">\n\t\t\t\t<a class=\"elementor-post__thumbnail__link\" href=\"https:\/\/apub.org.br\/siteantigo\/a-quem-representam-o-parlamento-e-o-impasse-da-democracia-no-brasil\/\" tabindex=\"-1\" >\n\t\t\t<div class=\"elementor-post__thumbnail\"><img loading=\"lazy\" decoding=\"async\" width=\"300\" height=\"300\" src=\"https:\/\/apub.org.br\/siteantigo\/wp-content\/uploads\/2025\/07\/a-quem-representam-300x300.jpg\" class=\"attachment-medium size-medium wp-image-53252\" alt=\"\" srcset=\"https:\/\/apub.org.br\/siteantigo\/wp-content\/uploads\/2025\/07\/a-quem-representam-300x300.jpg 300w, https:\/\/apub.org.br\/siteantigo\/wp-content\/uploads\/2025\/07\/a-quem-representam-1024x1024.jpg 1024w, https:\/\/apub.org.br\/siteantigo\/wp-content\/uploads\/2025\/07\/a-quem-representam-150x150.jpg 150w, https:\/\/apub.org.br\/siteantigo\/wp-content\/uploads\/2025\/07\/a-quem-representam-768x768.jpg 768w, https:\/\/apub.org.br\/siteantigo\/wp-content\/uploads\/2025\/07\/a-quem-representam.jpg 1400w\" sizes=\"(max-width: 300px) 100vw, 300px\" \/><\/div>\n\t\t<\/a>\n\t\t\t\t<div class=\"elementor-post__text\">\n\t\t\t\t<h3 class=\"elementor-post__title\">\n\t\t\t<a href=\"https:\/\/apub.org.br\/siteantigo\/a-quem-representam-o-parlamento-e-o-impasse-da-democracia-no-brasil\/\" >\n\t\t\t\tA quem representam? O Parlamento e o impasse da democracia no Brasil\t\t\t<\/a>\n\t\t<\/h3>\n\t\t\t\t<div class=\"elementor-post__meta-data\">\n\t\t\t\t\t<span class=\"elementor-post-date\">\n\t\t\t04\/07\/2025\t\t<\/span>\n\t\t\t\t<span class=\"elementor-post-avatar\">\n\t\t\tNenhum coment\u00e1rio\t\t<\/span>\n\t\t\t\t<\/div>\n\t\t\t\t<div class=\"elementor-post__excerpt\">\n\t\t\t<p>Renato Francisquini[1] H\u00e1 algum tempo vivemos, no Brasil e no mundo, sob o signo da crise. Crise econ\u00f4mica, crise pol\u00edtica e da representa\u00e7\u00e3o, crise ambiental,<\/p>\n\t\t<\/div>\n\t\t\n\t\t<a class=\"elementor-post__read-more\" href=\"https:\/\/apub.org.br\/siteantigo\/a-quem-representam-o-parlamento-e-o-impasse-da-democracia-no-brasil\/\" aria-label=\"Read more about A quem representam? O Parlamento e o impasse da democracia no Brasil\" tabindex=\"-1\" >\n\t\t\tLeia mais \u00bb\t\t<\/a>\n\n\t\t\t\t<\/div>\n\t\t\t\t<\/article>\n\t\t\t\t<article class=\"elementor-post elementor-grid-item post-53035 post type-post status-publish format-standard has-post-thumbnail hentry category-latest-news\" role=\"listitem\">\n\t\t\t\t<a class=\"elementor-post__thumbnail__link\" href=\"https:\/\/apub.org.br\/siteantigo\/apub-convoca-filiados-as-para-a-assembleia-geral-de-eleicao-de-delegados-para-13a-plencut\/\" tabindex=\"-1\" >\n\t\t\t<div class=\"elementor-post__thumbnail\"><img loading=\"lazy\" decoding=\"async\" width=\"300\" height=\"300\" src=\"https:\/\/apub.org.br\/siteantigo\/wp-content\/uploads\/2025\/07\/Assembleia-Geral-Plenaria-da-CUT-CHAMADA-300x300.jpg\" class=\"attachment-medium size-medium wp-image-53248\" alt=\"\" srcset=\"https:\/\/apub.org.br\/siteantigo\/wp-content\/uploads\/2025\/07\/Assembleia-Geral-Plenaria-da-CUT-CHAMADA-300x300.jpg 300w, https:\/\/apub.org.br\/siteantigo\/wp-content\/uploads\/2025\/07\/Assembleia-Geral-Plenaria-da-CUT-CHAMADA-1024x1024.jpg 1024w, https:\/\/apub.org.br\/siteantigo\/wp-content\/uploads\/2025\/07\/Assembleia-Geral-Plenaria-da-CUT-CHAMADA-150x150.jpg 150w, https:\/\/apub.org.br\/siteantigo\/wp-content\/uploads\/2025\/07\/Assembleia-Geral-Plenaria-da-CUT-CHAMADA-768x768.jpg 768w, https:\/\/apub.org.br\/siteantigo\/wp-content\/uploads\/2025\/07\/Assembleia-Geral-Plenaria-da-CUT-CHAMADA.jpg 1400w\" sizes=\"(max-width: 300px) 100vw, 300px\" \/><\/div>\n\t\t<\/a>\n\t\t\t\t<div class=\"elementor-post__text\">\n\t\t\t\t<h3 class=\"elementor-post__title\">\n\t\t\t<a href=\"https:\/\/apub.org.br\/siteantigo\/apub-convoca-filiados-as-para-a-assembleia-geral-de-eleicao-de-delegados-para-13a-plencut\/\" >\n\t\t\t\tAPUB convoca filiados\/as para a Assembleia Geral de Elei\u00e7\u00e3o de delegados para 13\u00aa PLENCUT\t\t\t<\/a>\n\t\t<\/h3>\n\t\t\t\t<div class=\"elementor-post__meta-data\">\n\t\t\t\t\t<span class=\"elementor-post-date\">\n\t\t\t03\/07\/2025\t\t<\/span>\n\t\t\t\t<span class=\"elementor-post-avatar\">\n\t\t\tNenhum coment\u00e1rio\t\t<\/span>\n\t\t\t\t<\/div>\n\t\t\t\t<div class=\"elementor-post__excerpt\">\n\t\t\t<p>Em formato h\u00edbrido, a Asembleia ser\u00e1 realizada no dia 07 de julho de 2025 (segunda-feira), \u00e0s 14h A Diretoria da APUB Sindicato convoca os filiados<\/p>\n\t\t<\/div>\n\t\t\n\t\t<a class=\"elementor-post__read-more\" href=\"https:\/\/apub.org.br\/siteantigo\/apub-convoca-filiados-as-para-a-assembleia-geral-de-eleicao-de-delegados-para-13a-plencut\/\" aria-label=\"Read more about APUB convoca filiados\/as para a Assembleia Geral de Elei\u00e7\u00e3o de delegados para 13\u00aa PLENCUT\" tabindex=\"-1\" >\n\t\t\tLeia mais \u00bb\t\t<\/a>\n\n\t\t\t\t<\/div>\n\t\t\t\t<\/article>\n\t\t\t\t<\/div>\n\t\t\n\t\t\t\t\t\t<\/div>\n\t\t\t\t<\/div>\n\t\t\t\t\t<\/div>\n\t\t<\/div>\n\t\t\t\t\t<\/div>\n\t\t<\/section>\n\t\t\t\t<\/div>\n\t\t","protected":false},"excerpt":{"rendered":"<p>Releases para imprensa<\/p>\n","protected":false},"author":1,"featured_media":0,"parent":0,"menu_order":0,"comment_status":"closed","ping_status":"closed","template":"","meta":{"footnotes":""},"class_list":["post-48266","page","type-page","status-publish","hentry"],"_links":{"self":[{"href":"https:\/\/apub.org.br\/siteantigo\/wp-json\/wp\/v2\/pages\/48266","targetHints":{"allow":["GET"]}}],"collection":[{"href":"https:\/\/apub.org.br\/siteantigo\/wp-json\/wp\/v2\/pages"}],"about":[{"href":"https:\/\/apub.org.br\/siteantigo\/wp-json\/wp\/v2\/types\/page"}],"author":[{"embeddable":true,"href":"https:\/\/apub.org.br\/siteantigo\/wp-json\/wp\/v2\/users\/1"}],"replies":[{"embeddable":true,"href":"https:\/\/apub.org.br\/siteantigo\/wp-json\/wp\/v2\/comments?post=48266"}],"version-history":[{"count":8,"href":"https:\/\/apub.org.br\/siteantigo\/wp-json\/wp\/v2\/pages\/48266\/revisions"}],"predecessor-version":[{"id":48280,"href":"https:\/\/apub.org.br\/siteantigo\/wp-json\/wp\/v2\/pages\/48266\/revisions\/48280"}],"wp:attachment":[{"href":"https:\/\/apub.org.br\/siteantigo\/wp-json\/wp\/v2\/media?parent=48266"}],"curies":[{"name":"wp","href":"https:\/\/api.w.org\/{rel}","templated":true}]}}