{"id":52249,"date":"2025-06-16T10:53:14","date_gmt":"2025-06-16T13:53:14","guid":{"rendered":"https:\/\/apub.org.br\/?page_id=52249"},"modified":"2026-01-29T14:38:17","modified_gmt":"2026-01-29T17:38:17","slug":"artigos","status":"publish","type":"page","link":"https:\/\/apub.org.br\/siteantigo\/artigos\/","title":{"rendered":"ARTIGOS"},"content":{"rendered":"\t\t<div data-elementor-type=\"wp-page\" data-elementor-id=\"52249\" class=\"elementor elementor-52249\" data-elementor-post-type=\"page\">\n\t\t\t\t\t\t<section class=\"elementor-section elementor-top-section elementor-element elementor-element-cee5f74 elementor-section-boxed elementor-section-height-default elementor-section-height-default\" data-id=\"cee5f74\" data-element_type=\"section\">\n\t\t\t\t\t\t<div class=\"elementor-container elementor-column-gap-default\">\n\t\t\t\t\t<div class=\"elementor-column elementor-col-100 elementor-top-column elementor-element elementor-element-200708c\" data-id=\"200708c\" data-element_type=\"column\">\n\t\t\t<div class=\"elementor-widget-wrap elementor-element-populated\">\n\t\t\t\t\t\t<div class=\"elementor-element elementor-element-913511d elementor-grid-4 elementor-grid-tablet-2 elementor-grid-mobile-1 elementor-posts--thumbnail-top elementor-card-shadow-yes elementor-posts__hover-gradient elementor-widget elementor-widget-posts\" data-id=\"913511d\" data-element_type=\"widget\" data-settings=\"{&quot;pagination_type&quot;:&quot;numbers_and_prev_next&quot;,&quot;cards_columns&quot;:&quot;4&quot;,&quot;cards_columns_tablet&quot;:&quot;2&quot;,&quot;cards_columns_mobile&quot;:&quot;1&quot;,&quot;cards_row_gap&quot;:{&quot;unit&quot;:&quot;px&quot;,&quot;size&quot;:35,&quot;sizes&quot;:[]},&quot;cards_row_gap_tablet&quot;:{&quot;unit&quot;:&quot;px&quot;,&quot;size&quot;:&quot;&quot;,&quot;sizes&quot;:[]},&quot;cards_row_gap_mobile&quot;:{&quot;unit&quot;:&quot;px&quot;,&quot;size&quot;:&quot;&quot;,&quot;sizes&quot;:[]}}\" data-widget_type=\"posts.cards\">\n\t\t\t\t<div class=\"elementor-widget-container\">\n\t\t\t\t\t\t\t<div class=\"elementor-posts-container elementor-posts elementor-posts--skin-cards elementor-grid\" role=\"list\">\n\t\t\t\t<article class=\"elementor-post elementor-grid-item post-53051 post type-post status-publish format-standard has-post-thumbnail hentry category-artigos\" role=\"listitem\">\n\t\t\t<div class=\"elementor-post__card\">\n\t\t\t\t<a class=\"elementor-post__thumbnail__link\" href=\"https:\/\/apub.org.br\/siteantigo\/a-quem-representam-o-parlamento-e-o-impasse-da-democracia-no-brasil\/\" tabindex=\"-1\" ><div class=\"elementor-post__thumbnail\"><img fetchpriority=\"high\" decoding=\"async\" width=\"300\" height=\"300\" src=\"https:\/\/apub.org.br\/siteantigo\/wp-content\/uploads\/2025\/07\/a-quem-representam-300x300.jpg\" class=\"attachment-medium size-medium wp-image-53252\" alt=\"\" srcset=\"https:\/\/apub.org.br\/siteantigo\/wp-content\/uploads\/2025\/07\/a-quem-representam-300x300.jpg 300w, https:\/\/apub.org.br\/siteantigo\/wp-content\/uploads\/2025\/07\/a-quem-representam-1024x1024.jpg 1024w, https:\/\/apub.org.br\/siteantigo\/wp-content\/uploads\/2025\/07\/a-quem-representam-150x150.jpg 150w, https:\/\/apub.org.br\/siteantigo\/wp-content\/uploads\/2025\/07\/a-quem-representam-768x768.jpg 768w, https:\/\/apub.org.br\/siteantigo\/wp-content\/uploads\/2025\/07\/a-quem-representam.jpg 1400w\" sizes=\"(max-width: 300px) 100vw, 300px\" \/><\/div><\/a>\n\t\t\t\t<div class=\"elementor-post__badge\">ARTIGOS<\/div>\n\t\t\t\t<div class=\"elementor-post__text\">\n\t\t\t\t<h3 class=\"elementor-post__title\">\n\t\t\t<a href=\"https:\/\/apub.org.br\/siteantigo\/a-quem-representam-o-parlamento-e-o-impasse-da-democracia-no-brasil\/\" >\n\t\t\t\tA quem representam? O Parlamento e o impasse da democracia no Brasil\t\t\t<\/a>\n\t\t<\/h3>\n\t\t\t\t<div class=\"elementor-post__excerpt\">\n\t\t\t<p>Renato Francisquini[1] H\u00e1 algum tempo vivemos, no Brasil e no mundo, sob o signo da crise. Crise econ\u00f4mica, crise pol\u00edtica e da representa\u00e7\u00e3o, crise ambiental,<\/p>\n\t\t<\/div>\n\t\t\n\t\t<a class=\"elementor-post__read-more\" href=\"https:\/\/apub.org.br\/siteantigo\/a-quem-representam-o-parlamento-e-o-impasse-da-democracia-no-brasil\/\" aria-label=\"Read more about A quem representam? O Parlamento e o impasse da democracia no Brasil\" tabindex=\"-1\" >\n\t\t\tLeia Mais \u00bb\t\t<\/a>\n\n\t\t\t\t<\/div>\n\t\t\t\t<div class=\"elementor-post__meta-data\">\n\t\t\t\t\t<span class=\"elementor-post-date\">\n\t\t\t04\/07\/2025\t\t<\/span>\n\t\t\t\t<\/div>\n\t\t\t\t\t<\/div>\n\t\t<\/article>\n\t\t\t\t<article class=\"elementor-post elementor-grid-item post-52959 post type-post status-publish format-standard has-post-thumbnail hentry category-artigos\" role=\"listitem\">\n\t\t\t<div class=\"elementor-post__card\">\n\t\t\t\t<a class=\"elementor-post__thumbnail__link\" href=\"https:\/\/apub.org.br\/siteantigo\/criacao-da-adifce-sindicato-reforca-democracia-no-movimento-docente\/\" tabindex=\"-1\" ><div class=\"elementor-post__thumbnail\"><img decoding=\"async\" width=\"300\" height=\"300\" src=\"https:\/\/apub.org.br\/siteantigo\/wp-content\/uploads\/2025\/07\/Criacao-da-ADIFCE-1-300x300.jpg\" class=\"attachment-medium size-medium wp-image-53244\" alt=\"\" srcset=\"https:\/\/apub.org.br\/siteantigo\/wp-content\/uploads\/2025\/07\/Criacao-da-ADIFCE-1-300x300.jpg 300w, https:\/\/apub.org.br\/siteantigo\/wp-content\/uploads\/2025\/07\/Criacao-da-ADIFCE-1-1024x1024.jpg 1024w, https:\/\/apub.org.br\/siteantigo\/wp-content\/uploads\/2025\/07\/Criacao-da-ADIFCE-1-150x150.jpg 150w, https:\/\/apub.org.br\/siteantigo\/wp-content\/uploads\/2025\/07\/Criacao-da-ADIFCE-1-768x768.jpg 768w, https:\/\/apub.org.br\/siteantigo\/wp-content\/uploads\/2025\/07\/Criacao-da-ADIFCE-1.jpg 1080w\" sizes=\"(max-width: 300px) 100vw, 300px\" \/><\/div><\/a>\n\t\t\t\t<div class=\"elementor-post__badge\">ARTIGOS<\/div>\n\t\t\t\t<div class=\"elementor-post__text\">\n\t\t\t\t<h3 class=\"elementor-post__title\">\n\t\t\t<a href=\"https:\/\/apub.org.br\/siteantigo\/criacao-da-adifce-sindicato-reforca-democracia-no-movimento-docente\/\" >\n\t\t\t\tCria\u00e7\u00e3o da ADIFCE-Sindicato refor\u00e7a democracia no movimento docente\t\t\t<\/a>\n\t\t<\/h3>\n\t\t\t\t<div class=\"elementor-post__excerpt\">\n\t\t\t<p>O dia 25 de junho de 2025 marcou o nascimento da ADIFCE-SINDICATO, o sindicato intermunicipal dos docentes do Ensino B\u00e1sico, T\u00e9cnico e Tecnol\u00f3gico (EBTT) do<\/p>\n\t\t<\/div>\n\t\t\n\t\t<a class=\"elementor-post__read-more\" href=\"https:\/\/apub.org.br\/siteantigo\/criacao-da-adifce-sindicato-reforca-democracia-no-movimento-docente\/\" aria-label=\"Read more about Cria\u00e7\u00e3o da ADIFCE-Sindicato refor\u00e7a democracia no movimento docente\" tabindex=\"-1\" >\n\t\t\tLeia Mais \u00bb\t\t<\/a>\n\n\t\t\t\t<\/div>\n\t\t\t\t<div class=\"elementor-post__meta-data\">\n\t\t\t\t\t<span class=\"elementor-post-date\">\n\t\t\t27\/06\/2025\t\t<\/span>\n\t\t\t\t<\/div>\n\t\t\t\t\t<\/div>\n\t\t<\/article>\n\t\t\t\t<article class=\"elementor-post elementor-grid-item post-52341 post type-post status-publish format-standard has-post-thumbnail hentry category-artigos\" role=\"listitem\">\n\t\t\t<div class=\"elementor-post__card\">\n\t\t\t\t<a class=\"elementor-post__thumbnail__link\" href=\"https:\/\/apub.org.br\/siteantigo\/pec-06-pelo-fim-da-perversidade-contra-aposentados-e-pensionistas\/\" tabindex=\"-1\" ><div class=\"elementor-post__thumbnail\"><img decoding=\"async\" width=\"300\" height=\"300\" src=\"https:\/\/apub.org.br\/siteantigo\/wp-content\/uploads\/2025\/06\/WhatsApp-Image-2025-06-18-at-15.01.51-1.jpeg\" class=\"attachment-medium size-medium wp-image-52342\" alt=\"\" \/><\/div><\/a>\n\t\t\t\t<div class=\"elementor-post__badge\">ARTIGOS<\/div>\n\t\t\t\t<div class=\"elementor-post__text\">\n\t\t\t\t<h3 class=\"elementor-post__title\">\n\t\t\t<a href=\"https:\/\/apub.org.br\/siteantigo\/pec-06-pelo-fim-da-perversidade-contra-aposentados-e-pensionistas\/\" >\n\t\t\t\tPEC 06 PELO FIM DA PERVERSIDADE CONTRA APOSENTADOS E PENSIONISTAS\t\t\t<\/a>\n\t\t<\/h3>\n\t\t\t\t<div class=\"elementor-post__excerpt\">\n\t\t\t<p>Preparado pela Comiss\u00e3o de Aposentados da APUB, Associa\u00e7\u00e3o dos Professores Universit\u00e1rios da Bahia \u2013 Junho de 2025 Tramita, na C\u00e2mara dos Deputados, a Proposta de<\/p>\n\t\t<\/div>\n\t\t\n\t\t<a class=\"elementor-post__read-more\" href=\"https:\/\/apub.org.br\/siteantigo\/pec-06-pelo-fim-da-perversidade-contra-aposentados-e-pensionistas\/\" aria-label=\"Read more about PEC 06 PELO FIM DA PERVERSIDADE CONTRA APOSENTADOS E PENSIONISTAS\" tabindex=\"-1\" >\n\t\t\tLeia Mais \u00bb\t\t<\/a>\n\n\t\t\t\t<\/div>\n\t\t\t\t<div class=\"elementor-post__meta-data\">\n\t\t\t\t\t<span class=\"elementor-post-date\">\n\t\t\t18\/06\/2025\t\t<\/span>\n\t\t\t\t<\/div>\n\t\t\t\t\t<\/div>\n\t\t<\/article>\n\t\t\t\t<article class=\"elementor-post elementor-grid-item post-52208 post type-post status-publish format-standard has-post-thumbnail hentry category-artigos\" role=\"listitem\">\n\t\t\t<div class=\"elementor-post__card\">\n\t\t\t\t<a class=\"elementor-post__thumbnail__link\" href=\"https:\/\/apub.org.br\/siteantigo\/basta-de-esmola-para-ricos-mais-justica-tributaria-seria-conquista-para-universidades-publicas\/\" tabindex=\"-1\" ><div class=\"elementor-post__thumbnail\"><img loading=\"lazy\" decoding=\"async\" width=\"300\" height=\"300\" src=\"https:\/\/apub.org.br\/siteantigo\/wp-content\/uploads\/2025\/06\/WhatsApp-Image-2025-06-13-at-16.31.15.jpeg\" class=\"attachment-medium size-medium wp-image-52223\" alt=\"\" \/><\/div><\/a>\n\t\t\t\t<div class=\"elementor-post__badge\">ARTIGOS<\/div>\n\t\t\t\t<div class=\"elementor-post__text\">\n\t\t\t\t<h3 class=\"elementor-post__title\">\n\t\t\t<a href=\"https:\/\/apub.org.br\/siteantigo\/basta-de-esmola-para-ricos-mais-justica-tributaria-seria-conquista-para-universidades-publicas\/\" >\n\t\t\t\tBasta de esmola para ricos! Mais justi\u00e7a tribut\u00e1ria seria conquista para universidades p\u00fablicas\t\t\t<\/a>\n\t\t<\/h3>\n\t\t\t\t<div class=\"elementor-post__excerpt\">\n\t\t\t<p>Artigo de Marco Cerami, Diretor de Comunica\u00e7\u00e3o e Cultura da APUB \u00c9 amplamente reconhecido que o sistema tribut\u00e1rio brasileiro \u00e9 um dos mais regressivos do<\/p>\n\t\t<\/div>\n\t\t\n\t\t<a class=\"elementor-post__read-more\" href=\"https:\/\/apub.org.br\/siteantigo\/basta-de-esmola-para-ricos-mais-justica-tributaria-seria-conquista-para-universidades-publicas\/\" aria-label=\"Read more about Basta de esmola para ricos! Mais justi\u00e7a tribut\u00e1ria seria conquista para universidades p\u00fablicas\" tabindex=\"-1\" >\n\t\t\tLeia Mais \u00bb\t\t<\/a>\n\n\t\t\t\t<\/div>\n\t\t\t\t<div class=\"elementor-post__meta-data\">\n\t\t\t\t\t<span class=\"elementor-post-date\">\n\t\t\t13\/06\/2025\t\t<\/span>\n\t\t\t\t<\/div>\n\t\t\t\t\t<\/div>\n\t\t<\/article>\n\t\t\t\t<article class=\"elementor-post elementor-grid-item post-52175 post type-post status-publish format-standard has-post-thumbnail hentry category-artigos\" role=\"listitem\">\n\t\t\t<div class=\"elementor-post__card\">\n\t\t\t\t<a class=\"elementor-post__thumbnail__link\" href=\"https:\/\/apub.org.br\/siteantigo\/carreira-docente-e-luta-sindical-reflexoes-a-partir-da-nova-lei\/\" tabindex=\"-1\" ><div class=\"elementor-post__thumbnail\"><img loading=\"lazy\" decoding=\"async\" width=\"300\" height=\"300\" src=\"https:\/\/apub.org.br\/siteantigo\/wp-content\/uploads\/2025\/06\/WhatsApp-Image-2025-06-06-at-17.55.52.jpeg\" class=\"attachment-medium size-medium wp-image-52176\" alt=\"\" \/><\/div><\/a>\n\t\t\t\t<div class=\"elementor-post__badge\">ARTIGOS<\/div>\n\t\t\t\t<div class=\"elementor-post__text\">\n\t\t\t\t<h3 class=\"elementor-post__title\">\n\t\t\t<a href=\"https:\/\/apub.org.br\/siteantigo\/carreira-docente-e-luta-sindical-reflexoes-a-partir-da-nova-lei\/\" >\n\t\t\t\tCarreira Docente e Luta Sindical: Reflex\u00f5es a Partir da Nova Lei\t\t\t<\/a>\n\t\t<\/h3>\n\t\t\t\t<div class=\"elementor-post__excerpt\">\n\t\t\t<p>Artigo da professora Raquel Nery analisa a Lei n\u00ba 15.141, que garante o reajuste salarial de 2025 e de 2026 e a reestrutura\u00e7\u00e3o das carreiras<\/p>\n\t\t<\/div>\n\t\t\n\t\t<a class=\"elementor-post__read-more\" href=\"https:\/\/apub.org.br\/siteantigo\/carreira-docente-e-luta-sindical-reflexoes-a-partir-da-nova-lei\/\" aria-label=\"Read more about Carreira Docente e Luta Sindical: Reflex\u00f5es a Partir da Nova Lei\" tabindex=\"-1\" >\n\t\t\tLeia Mais \u00bb\t\t<\/a>\n\n\t\t\t\t<\/div>\n\t\t\t\t<div class=\"elementor-post__meta-data\">\n\t\t\t\t\t<span class=\"elementor-post-date\">\n\t\t\t06\/06\/2025\t\t<\/span>\n\t\t\t\t<\/div>\n\t\t\t\t\t<\/div>\n\t\t<\/article>\n\t\t\t\t<\/div>\n\t\t\n\t\t\t\t\t\t<\/div>\n\t\t\t\t<\/div>\n\t\t\t\t\t<\/div>\n\t\t<\/div>\n\t\t\t\t\t<\/div>\n\t\t<\/section>\n\t\t\t\t<\/div>\n\t\t","protected":false},"excerpt":{"rendered":"","protected":false},"author":1,"featured_media":0,"parent":0,"menu_order":0,"comment_status":"closed","ping_status":"closed","template":"","meta":{"footnotes":""},"class_list":["post-52249","page","type-page","status-publish","hentry"],"_links":{"self":[{"href":"https:\/\/apub.org.br\/siteantigo\/wp-json\/wp\/v2\/pages\/52249","targetHints":{"allow":["GET"]}}],"collection":[{"href":"https:\/\/apub.org.br\/siteantigo\/wp-json\/wp\/v2\/pages"}],"about":[{"href":"https:\/\/apub.org.br\/siteantigo\/wp-json\/wp\/v2\/types\/page"}],"author":[{"embeddable":true,"href":"https:\/\/apub.org.br\/siteantigo\/wp-json\/wp\/v2\/users\/1"}],"replies":[{"embeddable":true,"href":"https:\/\/apub.org.br\/siteantigo\/wp-json\/wp\/v2\/comments?post=52249"}],"version-history":[{"count":13,"href":"https:\/\/apub.org.br\/siteantigo\/wp-json\/wp\/v2\/pages\/52249\/revisions"}],"predecessor-version":[{"id":53357,"href":"https:\/\/apub.org.br\/siteantigo\/wp-json\/wp\/v2\/pages\/52249\/revisions\/53357"}],"wp:attachment":[{"href":"https:\/\/apub.org.br\/siteantigo\/wp-json\/wp\/v2\/media?parent=52249"}],"curies":[{"name":"wp","href":"https:\/\/api.w.org\/{rel}","templated":true}]}}